{"id":15,"date":"2023-11-29T11:43:18","date_gmt":"2023-11-29T11:43:18","guid":{"rendered":"https:\/\/bci.pt\/?page_id=15"},"modified":"2023-12-30T13:17:27","modified_gmt":"2023-12-30T13:17:27","slug":"coming-soon","status":"publish","type":"page","link":"https:\/\/bci.pt\/en\/coming-soon\/","title":{"rendered":"Coming Soon"},"content":{"rendered":"<div data-elementor-type=\"wp-page\" data-elementor-id=\"15\" class=\"elementor elementor-15\" data-elementor-post-type=\"page\">\n\t\t\t\t<div class=\"elementor-element elementor-element-68c60a1a e-flex e-con-boxed e-con e-parent\" data-id=\"68c60a1a\" data-element_type=\"container\" data-settings=\"{&quot;background_background&quot;:&quot;classic&quot;}\" data-core-v316-plus=\"true\">\n\t\t\t\t\t<div class=\"e-con-inner\">\n\t\t\t\t<div class=\"elementor-element elementor-element-283b87c elementor-widget__width-initial elementor-widget elementor-widget-text-editor\" data-id=\"283b87c\" data-element_type=\"widget\" data-widget_type=\"text-editor.default\">\n\t\t\t\t<div class=\"elementor-widget-container\">\n\t\t\t<style>\/*! elementor - v3.20.0 - 10-04-2024 *\/\n.elementor-widget-text-editor.elementor-drop-cap-view-stacked .elementor-drop-cap{background-color:#69727d;color:#fff}.elementor-widget-text-editor.elementor-drop-cap-view-framed .elementor-drop-cap{color:#69727d;border:3px solid;background-color:transparent}.elementor-widget-text-editor:not(.elementor-drop-cap-view-default) .elementor-drop-cap{margin-top:8px}.elementor-widget-text-editor:not(.elementor-drop-cap-view-default) .elementor-drop-cap-letter{width:1em;height:1em}.elementor-widget-text-editor .elementor-drop-cap{float:left;text-align:center;line-height:1;font-size:50px}.elementor-widget-text-editor .elementor-drop-cap-letter{display:inline-block}<\/style>\t\t\t\tWEBSITE UNDER DEVELOPMENT\t\t\t\t\t\t<\/div>\n\t\t\t\t<\/div>\n\t\t\t\t<div class=\"elementor-element elementor-element-566fb7db elementor-widget-mobile__width-initial elementor-widget elementor-widget-image\" data-id=\"566fb7db\" data-element_type=\"widget\" data-widget_type=\"image.default\">\n\t\t\t\t<div class=\"elementor-widget-container\">\n\t\t\t<style>\/*! elementor - v3.20.0 - 10-04-2024 *\/\n.elementor-widget-image{text-align:center}.elementor-widget-image a{display:inline-block}.elementor-widget-image a img[src$=\".svg\"]{width:48px}.elementor-widget-image img{vertical-align:middle;display:inline-block}<\/style>\t\t\t\t\t\t\t\t\t\t<img fetchpriority=\"high\" decoding=\"async\" width=\"639\" height=\"225\" src=\"https:\/\/bci.pt\/wp-content\/uploads\/2023\/11\/bci-logo.png\" class=\"attachment-full size-full wp-image-1122\" alt=\"\" srcset=\"https:\/\/bci.pt\/wp-content\/uploads\/2023\/11\/bci-logo.png 639w, https:\/\/bci.pt\/wp-content\/uploads\/2023\/11\/bci-logo-300x106.png 300w, https:\/\/bci.pt\/wp-content\/uploads\/2023\/11\/bci-logo-18x6.png 18w\" sizes=\"(max-width: 639px) 100vw, 639px\" \/>\t\t\t\t\t\t\t\t\t\t\t\t\t<\/div>\n\t\t\t\t<\/div>\n\t\t\t\t<div class=\"elementor-element elementor-element-1c7f5825 elementor-widget__width-initial elementor-widget elementor-widget-text-editor\" data-id=\"1c7f5825\" data-element_type=\"widget\" data-widget_type=\"text-editor.default\">\n\t\t\t\t<div class=\"elementor-widget-container\">\n\t\t\t\t\t\t\tOur main objective is to add value to our customers.\t\t\t\t\t\t<\/div>\n\t\t\t\t<\/div>\n\t\t\t\t<div class=\"elementor-element elementor-element-6f4604b elementor-widget__width-initial elementor-widget elementor-widget-text-editor\" data-id=\"6f4604b\" data-element_type=\"widget\" data-widget_type=\"text-editor.default\">\n\t\t\t\t<div class=\"elementor-widget-container\">\n\t\t\t\t\t\t\tWe will meet your needs, ensuring the application of the best practices and solutions available.\t\t\t\t\t\t<\/div>\n\t\t\t\t<\/div>\n\t\t\t\t<div class=\"elementor-element elementor-element-42c857a elementor-widget elementor-widget-spacer\" data-id=\"42c857a\" data-element_type=\"widget\" data-widget_type=\"spacer.default\">\n\t\t\t\t<div class=\"elementor-widget-container\">\n\t\t\t<style>\/*! elementor - v3.20.0 - 10-04-2024 *\/\n.elementor-column .elementor-spacer-inner{height:var(--spacer-size)}.e-con{--container-widget-width:100%}.e-con-inner>.elementor-widget-spacer,.e-con>.elementor-widget-spacer{width:var(--container-widget-width,var(--spacer-size));--align-self:var(--container-widget-align-self,initial);--flex-shrink:0}.e-con-inner>.elementor-widget-spacer>.elementor-widget-container,.e-con>.elementor-widget-spacer>.elementor-widget-container{height:100%;width:100%}.e-con-inner>.elementor-widget-spacer>.elementor-widget-container>.elementor-spacer,.e-con>.elementor-widget-spacer>.elementor-widget-container>.elementor-spacer{height:100%}.e-con-inner>.elementor-widget-spacer>.elementor-widget-container>.elementor-spacer>.elementor-spacer-inner,.e-con>.elementor-widget-spacer>.elementor-widget-container>.elementor-spacer>.elementor-spacer-inner{height:var(--container-widget-height,var(--spacer-size))}.e-con-inner>.elementor-widget-spacer.elementor-widget-empty,.e-con>.elementor-widget-spacer.elementor-widget-empty{position:relative;min-height:22px;min-width:22px}.e-con-inner>.elementor-widget-spacer.elementor-widget-empty .elementor-widget-empty-icon,.e-con>.elementor-widget-spacer.elementor-widget-empty .elementor-widget-empty-icon{position:absolute;top:0;bottom:0;left:0;right:0;margin:auto;padding:0;width:22px;height:22px}<\/style>\t\t<div class=\"elementor-spacer\">\n\t\t\t<div class=\"elementor-spacer-inner\"><\/div>\n\t\t<\/div>\n\t\t\t\t<\/div>\n\t\t\t\t<\/div>\n\t\t\t\t<div class=\"elementor-element elementor-element-8f5ffbe elementor-widget__width-initial elementor-widget elementor-widget-text-editor\" data-id=\"8f5ffbe\" data-element_type=\"widget\" data-widget_type=\"text-editor.default\">\n\t\t\t\t<div class=\"elementor-widget-container\">\n\t\t\t\t\t\t\t<b>OFFICES<\/b><\/br><\/br>\n&#8211; Rua Gon\u00e7alo Crist\u00f3v\u00e3o, 347, Porto<\/br><\/br>\n&#8211; Avenida Gago Coutinho, 92, Maia<\/br><\/br>\n\n<b>EMAIL<\/b><\/br>\n<a href=\"mailto:geral@bci.pt\" style=\"color: #ffffff;\">geral@bci.pt<\/a><\/br><\/br>\n\n<b>PHONE<\/b><\/br>\n<a href=\"tel:913497304\" style=\"color: #ffffff\">+351 913 497 304<\/a>\n<p style=\"font-size: 12px;\">Call to national mobile network<\/p>\t\t\t\t\t\t<\/div>\n\t\t\t\t<\/div>\n\t\t\t\t\t<\/div>\n\t\t\t\t<\/div>\n\t\t\t\t<\/div>","protected":false},"excerpt":{"rendered":"<p>SITE EM DESENVOLVIMENTO O nosso principal objetivo \u00e9 acrescentar valor aos nossos clientes.Vamos ao encontro das suas necessidades, assegurando a aplica\u00e7\u00e3o das melhores pr\u00e1ticas e solu\u00e7\u00f5es dispon\u00edveis. ONDE ESTAMOS &#8211; Rua Gon\u00e7alo Crist\u00f3v\u00e3o, 347, Porto &#8211; Avenida Gago Coutinho, 92, Maia EMAIL geral@bci.pt TELEFONE +351 913 497 304 Chamada para rede m\u00f3vel nacional<\/p>","protected":false},"author":1,"featured_media":0,"parent":0,"menu_order":0,"comment_status":"closed","ping_status":"closed","template":"elementor_canvas","meta":{"footnotes":""},"class_list":["post-15","page","type-page","status-publish","hentry"],"_links":{"self":[{"href":"https:\/\/bci.pt\/en\/wp-json\/wp\/v2\/pages\/15","targetHints":{"allow":["GET"]}}],"collection":[{"href":"https:\/\/bci.pt\/en\/wp-json\/wp\/v2\/pages"}],"about":[{"href":"https:\/\/bci.pt\/en\/wp-json\/wp\/v2\/types\/page"}],"author":[{"embeddable":true,"href":"https:\/\/bci.pt\/en\/wp-json\/wp\/v2\/users\/1"}],"replies":[{"embeddable":true,"href":"https:\/\/bci.pt\/en\/wp-json\/wp\/v2\/comments?post=15"}],"version-history":[{"count":19,"href":"https:\/\/bci.pt\/en\/wp-json\/wp\/v2\/pages\/15\/revisions"}],"predecessor-version":[{"id":1131,"href":"https:\/\/bci.pt\/en\/wp-json\/wp\/v2\/pages\/15\/revisions\/1131"}],"wp:attachment":[{"href":"https:\/\/bci.pt\/en\/wp-json\/wp\/v2\/media?parent=15"}],"curies":[{"name":"wp","href":"https:\/\/api.w.org\/{rel}","templated":true}]}}